{"id":333,"date":"2025-02-03T19:43:18","date_gmt":"2025-02-03T22:43:18","guid":{"rendered":"https:\/\/fealq.org.br\/portalluizdequeiroz\/?page_id=333"},"modified":"2026-01-05T12:31:27","modified_gmt":"2026-01-05T15:31:27","slug":"lei-rouanet","status":"publish","type":"page","link":"https:\/\/fealq.org.br\/portalluizdequeiroz\/lei-rouanet\/","title":{"rendered":"Lei Rouanet"},"content":{"rendered":"<h2><span style=\"font-weight: 400;\">Temos novidades: o projeto Portal Luiz de Queiroz foi aprovado na Lei Rouanet e est\u00e1 apto a captar junto \u00e0s empresas, assim como as pessoas f\u00edsicas.<\/span><\/h2>\n<p><span style=\"font-weight: 400;\">O Portal Luiz de Queiroz est\u00e1 aprovado no Minist\u00e9rio da Cultura, na Lei de Incentivo \u00e0 Cultura \u2013 Lei Rouanet, e publicado no DOU (Di\u00e1rio Oficial da Uni\u00e3o) sob n\u00famero 243545 no PRONAC (Programa Nacional de Apoio \u00e0 Cultura).<\/span><\/p>\n<p><strong>O projeto captou 100% dos recursos e ser\u00e1 executado na integra com previs\u00e3o de entrega at\u00e9 setembro 2026.<\/strong><\/p>\n<h5>Saiba mais acessando a plataforma Salic Comparar, o sistema permite consultar todos os dados do projeto<\/h5>\n<h5><strong>passo a passo:<\/strong><\/h5>\n<p>Acesse o site oficial : <a href=\"https:\/\/aplicacoes.cultura.gov.br\/comparar\/salicnet\/\">https:\/\/aplicacoes.cultura.gov.br\/comparar\/salicnet\/<\/a><\/p>\n<p>Escolhe no menu superior esquerdo o tipo de consulta: projeto<\/p>\n<p>Insere o numero de Pronac: 243545<\/p>\n<p>Escolhe no menu lateral esquerdo os filtros de pesquisa por assunto.<\/p>\n<p>&nbsp;<\/p>\n<p>&nbsp;<\/p>\n<p>&nbsp;<\/p>\n<p>&nbsp;<\/p>\n<p><span style=\"font-weight: 400;\">Para mais informa\u00e7\u00f5es ou esclarecimentos sobre os valores de cotas de patroc\u00ednio, entre em contato via telefone ou <a href=\"https:\/\/api.whatsapp.com\/send\/?phone=5511996357770\" target=\"_blank\" rel=\"noopener\">WhatsApp com Paulo (11) 9 9635 7770<\/a>.<\/span><\/p>\n","protected":false},"excerpt":{"rendered":"<p>Temos novidades: o projeto Portal Luiz de Queiroz foi aprovado na Lei Rouanet e est\u00e1 apto a captar junto \u00e0s empresas, assim como as pessoas f\u00edsicas. O Portal Luiz de Queiroz est\u00e1 aprovado no Minist\u00e9rio da Cultura, na Lei de Incentivo \u00e0 Cultura \u2013 Lei Rouanet, e publicado no DOU (Di\u00e1rio Oficial da Uni\u00e3o) sob [&hellip;]<\/p>\n","protected":false},"author":1,"featured_media":175,"parent":0,"menu_order":0,"comment_status":"closed","ping_status":"closed","template":"","meta":{"_acf_changed":false,"footnotes":""},"class_list":["post-333","page","type-page","status-publish","has-post-thumbnail","hentry"],"acf":[],"yoast_head":"<!-- This site is optimized with the Yoast SEO plugin v27.3 - https:\/\/yoast.com\/product\/yoast-seo-wordpress\/ -->\n<title>Lei Rouanet - Portal Luiz de Queiroz<\/title>\n<meta name=\"description\" content=\"Temos novidades: o projeto Portal Luiz de Queiroz foi aprovado na Lei Rouanet e est\u00e1 apto a captar junto \u00e0s empresas, assim como as pessoas f\u00edsicas.\" \/>\n<meta name=\"robots\" content=\"index, follow, max-snippet:-1, max-image-preview:large, max-video-preview:-1\" \/>\n<link rel=\"canonical\" href=\"https:\/\/fealq.org.br\/portalluizdequeiroz\/lei-rouanet\/\" \/>\n<meta property=\"og:locale\" content=\"pt_BR\" \/>\n<meta property=\"og:type\" content=\"article\" \/>\n<meta property=\"og:title\" content=\"Lei Rouanet - Portal Luiz de Queiroz\" \/>\n<meta property=\"og:description\" content=\"Temos novidades: o projeto Portal Luiz de Queiroz foi aprovado na Lei Rouanet e est\u00e1 apto a captar junto \u00e0s empresas, assim como as pessoas f\u00edsicas.\" \/>\n<meta property=\"og:url\" content=\"https:\/\/fealq.org.br\/portalluizdequeiroz\/lei-rouanet\/\" \/>\n<meta property=\"og:site_name\" content=\"Portal Luiz de Queiroz\" \/>\n<meta property=\"article:modified_time\" content=\"2026-01-05T15:31:27+00:00\" \/>\n<meta property=\"og:image\" content=\"https:\/\/fealq.org.br\/portalluizdequeiroz\/wp-content\/uploads\/2022\/11\/aquarela-banner-3-1-1.png\" \/>\n\t<meta property=\"og:image:width\" content=\"1920\" \/>\n\t<meta property=\"og:image:height\" content=\"383\" \/>\n\t<meta property=\"og:image:type\" content=\"image\/png\" \/>\n<meta name=\"twitter:card\" content=\"summary_large_image\" \/>\n<meta name=\"twitter:label1\" content=\"Est. tempo de leitura\" \/>\n\t<meta name=\"twitter:data1\" content=\"2 minutos\" \/>\n<script type=\"application\/ld+json\" class=\"yoast-schema-graph\">{\"@context\":\"https:\\\/\\\/schema.org\",\"@graph\":[{\"@type\":\"WebPage\",\"@id\":\"https:\\\/\\\/fealq.org.br\\\/portalluizdequeiroz\\\/lei-rouanet\\\/\",\"url\":\"https:\\\/\\\/fealq.org.br\\\/portalluizdequeiroz\\\/lei-rouanet\\\/\",\"name\":\"Lei Rouanet - Portal Luiz de Queiroz\",\"isPartOf\":{\"@id\":\"https:\\\/\\\/fealq.org.br\\\/portalluizdequeiroz\\\/#website\"},\"primaryImageOfPage\":{\"@id\":\"https:\\\/\\\/fealq.org.br\\\/portalluizdequeiroz\\\/lei-rouanet\\\/#primaryimage\"},\"image\":{\"@id\":\"https:\\\/\\\/fealq.org.br\\\/portalluizdequeiroz\\\/lei-rouanet\\\/#primaryimage\"},\"thumbnailUrl\":\"https:\\\/\\\/fealq.org.br\\\/portalluizdequeiroz\\\/wp-content\\\/uploads\\\/2022\\\/11\\\/aquarela-banner-3-1-1.png\",\"datePublished\":\"2025-02-03T22:43:18+00:00\",\"dateModified\":\"2026-01-05T15:31:27+00:00\",\"description\":\"Temos novidades: o projeto Portal Luiz de Queiroz foi aprovado na Lei Rouanet e est\u00e1 apto a captar junto \u00e0s empresas, assim como as pessoas f\u00edsicas.\",\"breadcrumb\":{\"@id\":\"https:\\\/\\\/fealq.org.br\\\/portalluizdequeiroz\\\/lei-rouanet\\\/#breadcrumb\"},\"inLanguage\":\"pt-BR\",\"potentialAction\":[{\"@type\":\"ReadAction\",\"target\":[\"https:\\\/\\\/fealq.org.br\\\/portalluizdequeiroz\\\/lei-rouanet\\\/\"]}]},{\"@type\":\"ImageObject\",\"inLanguage\":\"pt-BR\",\"@id\":\"https:\\\/\\\/fealq.org.br\\\/portalluizdequeiroz\\\/lei-rouanet\\\/#primaryimage\",\"url\":\"https:\\\/\\\/fealq.org.br\\\/portalluizdequeiroz\\\/wp-content\\\/uploads\\\/2022\\\/11\\\/aquarela-banner-3-1-1.png\",\"contentUrl\":\"https:\\\/\\\/fealq.org.br\\\/portalluizdequeiroz\\\/wp-content\\\/uploads\\\/2022\\\/11\\\/aquarela-banner-3-1-1.png\",\"width\":1920,\"height\":383},{\"@type\":\"BreadcrumbList\",\"@id\":\"https:\\\/\\\/fealq.org.br\\\/portalluizdequeiroz\\\/lei-rouanet\\\/#breadcrumb\",\"itemListElement\":[{\"@type\":\"ListItem\",\"position\":1,\"name\":\"In\u00edcio\",\"item\":\"https:\\\/\\\/fealq.org.br\\\/portalluizdequeiroz\\\/\"},{\"@type\":\"ListItem\",\"position\":2,\"name\":\"Lei Rouanet\"}]},{\"@type\":\"WebSite\",\"@id\":\"https:\\\/\\\/fealq.org.br\\\/portalluizdequeiroz\\\/#website\",\"url\":\"https:\\\/\\\/fealq.org.br\\\/portalluizdequeiroz\\\/\",\"name\":\"Portal Luiz de Queiroz\",\"description\":\"S\u00f3 mais um site WordPress\",\"potentialAction\":[{\"@type\":\"SearchAction\",\"target\":{\"@type\":\"EntryPoint\",\"urlTemplate\":\"https:\\\/\\\/fealq.org.br\\\/portalluizdequeiroz\\\/?s={search_term_string}\"},\"query-input\":{\"@type\":\"PropertyValueSpecification\",\"valueRequired\":true,\"valueName\":\"search_term_string\"}}],\"inLanguage\":\"pt-BR\"}]}<\/script>\n<!-- \/ Yoast SEO plugin. -->","yoast_head_json":{"title":"Lei Rouanet - Portal Luiz de Queiroz","description":"Temos novidades: o projeto Portal Luiz de Queiroz foi aprovado na Lei Rouanet e est\u00e1 apto a captar junto \u00e0s empresas, assim como as pessoas f\u00edsicas.","robots":{"index":"index","follow":"follow","max-snippet":"max-snippet:-1","max-image-preview":"max-image-preview:large","max-video-preview":"max-video-preview:-1"},"canonical":"https:\/\/fealq.org.br\/portalluizdequeiroz\/lei-rouanet\/","og_locale":"pt_BR","og_type":"article","og_title":"Lei Rouanet - Portal Luiz de Queiroz","og_description":"Temos novidades: o projeto Portal Luiz de Queiroz foi aprovado na Lei Rouanet e est\u00e1 apto a captar junto \u00e0s empresas, assim como as pessoas f\u00edsicas.","og_url":"https:\/\/fealq.org.br\/portalluizdequeiroz\/lei-rouanet\/","og_site_name":"Portal Luiz de Queiroz","article_modified_time":"2026-01-05T15:31:27+00:00","og_image":[{"width":1920,"height":383,"url":"https:\/\/fealq.org.br\/portalluizdequeiroz\/wp-content\/uploads\/2022\/11\/aquarela-banner-3-1-1.png","type":"image\/png"}],"twitter_card":"summary_large_image","twitter_misc":{"Est. tempo de leitura":"2 minutos"},"schema":{"@context":"https:\/\/schema.org","@graph":[{"@type":"WebPage","@id":"https:\/\/fealq.org.br\/portalluizdequeiroz\/lei-rouanet\/","url":"https:\/\/fealq.org.br\/portalluizdequeiroz\/lei-rouanet\/","name":"Lei Rouanet - Portal Luiz de Queiroz","isPartOf":{"@id":"https:\/\/fealq.org.br\/portalluizdequeiroz\/#website"},"primaryImageOfPage":{"@id":"https:\/\/fealq.org.br\/portalluizdequeiroz\/lei-rouanet\/#primaryimage"},"image":{"@id":"https:\/\/fealq.org.br\/portalluizdequeiroz\/lei-rouanet\/#primaryimage"},"thumbnailUrl":"https:\/\/fealq.org.br\/portalluizdequeiroz\/wp-content\/uploads\/2022\/11\/aquarela-banner-3-1-1.png","datePublished":"2025-02-03T22:43:18+00:00","dateModified":"2026-01-05T15:31:27+00:00","description":"Temos novidades: o projeto Portal Luiz de Queiroz foi aprovado na Lei Rouanet e est\u00e1 apto a captar junto \u00e0s empresas, assim como as pessoas f\u00edsicas.","breadcrumb":{"@id":"https:\/\/fealq.org.br\/portalluizdequeiroz\/lei-rouanet\/#breadcrumb"},"inLanguage":"pt-BR","potentialAction":[{"@type":"ReadAction","target":["https:\/\/fealq.org.br\/portalluizdequeiroz\/lei-rouanet\/"]}]},{"@type":"ImageObject","inLanguage":"pt-BR","@id":"https:\/\/fealq.org.br\/portalluizdequeiroz\/lei-rouanet\/#primaryimage","url":"https:\/\/fealq.org.br\/portalluizdequeiroz\/wp-content\/uploads\/2022\/11\/aquarela-banner-3-1-1.png","contentUrl":"https:\/\/fealq.org.br\/portalluizdequeiroz\/wp-content\/uploads\/2022\/11\/aquarela-banner-3-1-1.png","width":1920,"height":383},{"@type":"BreadcrumbList","@id":"https:\/\/fealq.org.br\/portalluizdequeiroz\/lei-rouanet\/#breadcrumb","itemListElement":[{"@type":"ListItem","position":1,"name":"In\u00edcio","item":"https:\/\/fealq.org.br\/portalluizdequeiroz\/"},{"@type":"ListItem","position":2,"name":"Lei Rouanet"}]},{"@type":"WebSite","@id":"https:\/\/fealq.org.br\/portalluizdequeiroz\/#website","url":"https:\/\/fealq.org.br\/portalluizdequeiroz\/","name":"Portal Luiz de Queiroz","description":"S\u00f3 mais um site WordPress","potentialAction":[{"@type":"SearchAction","target":{"@type":"EntryPoint","urlTemplate":"https:\/\/fealq.org.br\/portalluizdequeiroz\/?s={search_term_string}"},"query-input":{"@type":"PropertyValueSpecification","valueRequired":true,"valueName":"search_term_string"}}],"inLanguage":"pt-BR"}]}},"_links":{"self":[{"href":"https:\/\/fealq.org.br\/portalluizdequeiroz\/wp-json\/wp\/v2\/pages\/333","targetHints":{"allow":["GET"]}}],"collection":[{"href":"https:\/\/fealq.org.br\/portalluizdequeiroz\/wp-json\/wp\/v2\/pages"}],"about":[{"href":"https:\/\/fealq.org.br\/portalluizdequeiroz\/wp-json\/wp\/v2\/types\/page"}],"author":[{"embeddable":true,"href":"https:\/\/fealq.org.br\/portalluizdequeiroz\/wp-json\/wp\/v2\/users\/1"}],"replies":[{"embeddable":true,"href":"https:\/\/fealq.org.br\/portalluizdequeiroz\/wp-json\/wp\/v2\/comments?post=333"}],"version-history":[{"count":8,"href":"https:\/\/fealq.org.br\/portalluizdequeiroz\/wp-json\/wp\/v2\/pages\/333\/revisions"}],"predecessor-version":[{"id":350,"href":"https:\/\/fealq.org.br\/portalluizdequeiroz\/wp-json\/wp\/v2\/pages\/333\/revisions\/350"}],"wp:featuredmedia":[{"embeddable":true,"href":"https:\/\/fealq.org.br\/portalluizdequeiroz\/wp-json\/wp\/v2\/media\/175"}],"wp:attachment":[{"href":"https:\/\/fealq.org.br\/portalluizdequeiroz\/wp-json\/wp\/v2\/media?parent=333"}],"curies":[{"name":"wp","href":"https:\/\/api.w.org\/{rel}","templated":true}]}}