{"id":36,"date":"2022-07-25T10:25:28","date_gmt":"2022-07-25T13:25:28","guid":{"rendered":"https:\/\/fealq.org.br\/portalluizdequeiroz\/?page_id=36"},"modified":"2026-04-08T09:27:22","modified_gmt":"2026-04-08T12:27:22","slug":"luiz-e-ermelinda-queiroz","status":"publish","type":"page","link":"https:\/\/fealq.org.br\/portalluizdequeiroz\/luiz-e-ermelinda-queiroz\/","title":{"rendered":"O reconhecimento de um casal extraordin\u00e1rio"},"content":{"rendered":"<p><span style=\"font-weight: 400;\">O<\/span><b> Portal Luiz de Queiroz<\/b><span style=\"font-weight: 400;\"> tamb\u00e9m pretende valorizar a mem\u00f3ria da figura extraordin\u00e1ria de <\/span><b>Luiz de Queiroz<\/b><span style=\"font-weight: 400;\"> (<\/span><b>Lu\u00edz Vicente de Sousa Queiroz<\/b><span style=\"font-weight: 400;\"> &#8211; 12 de junho de 1849 \u2013 11 de junho de 1898), assim como de sua esposa\u00a0 <\/span><b>Ermelinda Ottoni de Souza Queiroz<\/b><span style=\"font-weight: 400;\"> ( 21 de mar\u00e7o de 1856 \u2014 7 de abril de 1936), que juntos idealizaram e fundaram a institui\u00e7\u00e3o que hoje d\u00e1 a este sobrenome reconhecimento nacional e internacional.<\/span><\/p>\n<p><span style=\"font-weight: 400;\">Recebendo s\u00f3lida forma\u00e7\u00e3o t\u00e9cnica em diversas institui\u00e7\u00f5es de ensino voltadas \u00e0 agricultura na Europa <\/span><span style=\"font-weight: 400;\">(<\/span><span style=\"font-weight: 400;\">Escolas de Agricultura de <\/span><span style=\"font-weight: 400;\">Grignon<\/span><span style=\"font-weight: 400;\">, na <\/span><span style=\"font-weight: 400;\">Fran\u00e7a<\/span><span style=\"font-weight: 400;\">, e a de <\/span><span style=\"font-weight: 400;\">Zurique<\/span><span style=\"font-weight: 400;\">, na <\/span><span style=\"font-weight: 400;\">Su\u00ed\u00e7a) <\/span><span style=\"font-weight: 400;\">Luiz de Queiroz retorna ao Brasil, instalando grande ind\u00fastria de tecido de algod\u00e3o, o complexo t\u00eaxtil F\u00e1brica de Tecidos Santa Francisca (1876).\u00a0<\/span><\/p>\n<p><span style=\"font-weight: 400;\">Casa-se com Ermelinda Ottoni, de temperamento independente e reconhecidamente culta.\u00a0 Tendo viajado com os pais o Senador Cristiano Ottoni e B\u00e1rbara de Barros Ottoni, pela Europa, Estados Unidos e \u00c1sia, foi companheira dedicada aos empreendimentos, participando ativamente das reuni\u00f5es e viagens de neg\u00f3cios com o marido. Mostra-se austera, perspicaz e determinada, contribuindo com seu patrim\u00f4nio e rela\u00e7\u00f5es pessoais nas realiza\u00e7\u00f5es do casal.\u00a0<\/span><\/p>\n<p><span style=\"font-weight: 400;\">S\u00e3o pioneiros na instala\u00e7\u00e3o do sistema de telefonia (1882) e da instala\u00e7\u00e3o da Usina Hidroel\u00e9trica (1893), respons\u00e1vel pelo uso da eletricidade na ilumina\u00e7\u00e3o p\u00fablica da cidade de Piracicaba, antes de capitais como S\u00e3o Paulo e Rio de Janeiro.<\/span><\/p>\n<p><span style=\"font-weight: 400;\">Luiz de Queiroz notabiliza-se pela compra (1890) e em seguida doa\u00e7\u00e3o ao Estado de S\u00e3o Paulo (1892) da propriedade Fazenda S\u00e3o Jo\u00e3o da Montanha com infraestrutura adquirida para a forma\u00e7\u00e3o da primeira Escola Agr\u00edcola do Estado de S\u00e3o Paulo, hoje Escola Superior de Agricultura \u201cLuiz de Queiroz\u201d (Esalq)\/USP, seu maior legado.<\/span><\/p>\n<p><span style=\"font-weight: 400;\">Al\u00e9m da busca por inova\u00e7\u00e3o e vis\u00e3o empresarial, somaram-se os esfor\u00e7os de um abolicionista radical em seu tempo, militando localmente e nacionalmente pelo fim da escravid\u00e3o no pa\u00eds.<\/span><\/p>\n","protected":false},"excerpt":{"rendered":"<p>O Portal Luiz de Queiroz tamb\u00e9m pretende valorizar a mem\u00f3ria da figura extraordin\u00e1ria de Luiz de Queiroz (Lu\u00edz Vicente de Sousa Queiroz &#8211; 12 de junho de 1849 \u2013 11 de junho de 1898), assim como de sua esposa\u00a0 Ermelinda Ottoni de Souza Queiroz ( 21 de mar\u00e7o de 1856 \u2014 7 de abril de [&hellip;]<\/p>\n","protected":false},"author":1,"featured_media":37,"parent":0,"menu_order":0,"comment_status":"closed","ping_status":"closed","template":"","meta":{"_acf_changed":false,"footnotes":""},"class_list":["post-36","page","type-page","status-publish","has-post-thumbnail","hentry"],"acf":[],"yoast_head":"<!-- This site is optimized with the Yoast SEO plugin v27.3 - https:\/\/yoast.com\/product\/yoast-seo-wordpress\/ -->\n<title>O reconhecimento de um casal extraordin\u00e1rio - Portal Luiz de Queiroz<\/title>\n<meta name=\"robots\" content=\"index, follow, max-snippet:-1, max-image-preview:large, max-video-preview:-1\" \/>\n<link rel=\"canonical\" href=\"https:\/\/fealq.org.br\/portalluizdequeiroz\/luiz-e-ermelinda-queiroz\/\" \/>\n<meta property=\"og:locale\" content=\"pt_BR\" \/>\n<meta property=\"og:type\" content=\"article\" \/>\n<meta property=\"og:title\" content=\"O reconhecimento de um casal extraordin\u00e1rio - Portal Luiz de Queiroz\" \/>\n<meta property=\"og:description\" content=\"O Portal Luiz de Queiroz tamb\u00e9m pretende valorizar a mem\u00f3ria da figura extraordin\u00e1ria de Luiz de Queiroz (Lu\u00edz Vicente de Sousa Queiroz &#8211; 12 de junho de 1849 \u2013 11 de junho de 1898), assim como de sua esposa\u00a0 Ermelinda Ottoni de Souza Queiroz ( 21 de mar\u00e7o de 1856 \u2014 7 de abril de [&hellip;]\" \/>\n<meta property=\"og:url\" content=\"https:\/\/fealq.org.br\/portalluizdequeiroz\/luiz-e-ermelinda-queiroz\/\" \/>\n<meta property=\"og:site_name\" content=\"Portal Luiz de Queiroz\" \/>\n<meta property=\"article:modified_time\" content=\"2026-04-08T12:27:22+00:00\" \/>\n<meta property=\"og:image\" content=\"https:\/\/fealq.org.br\/portalluizdequeiroz\/wp-content\/uploads\/2022\/07\/IMG_5192.jpg\" \/>\n\t<meta property=\"og:image:width\" content=\"800\" \/>\n\t<meta property=\"og:image:height\" content=\"500\" \/>\n\t<meta property=\"og:image:type\" content=\"image\/jpeg\" \/>\n<meta name=\"twitter:card\" content=\"summary_large_image\" \/>\n<meta name=\"twitter:label1\" content=\"Est. tempo de leitura\" \/>\n\t<meta name=\"twitter:data1\" content=\"2 minutos\" \/>\n<script type=\"application\/ld+json\" class=\"yoast-schema-graph\">{\"@context\":\"https:\\\/\\\/schema.org\",\"@graph\":[{\"@type\":\"WebPage\",\"@id\":\"https:\\\/\\\/fealq.org.br\\\/portalluizdequeiroz\\\/luiz-e-ermelinda-queiroz\\\/\",\"url\":\"https:\\\/\\\/fealq.org.br\\\/portalluizdequeiroz\\\/luiz-e-ermelinda-queiroz\\\/\",\"name\":\"O reconhecimento de um casal extraordin\u00e1rio - Portal Luiz de Queiroz\",\"isPartOf\":{\"@id\":\"https:\\\/\\\/fealq.org.br\\\/portalluizdequeiroz\\\/#website\"},\"primaryImageOfPage\":{\"@id\":\"https:\\\/\\\/fealq.org.br\\\/portalluizdequeiroz\\\/luiz-e-ermelinda-queiroz\\\/#primaryimage\"},\"image\":{\"@id\":\"https:\\\/\\\/fealq.org.br\\\/portalluizdequeiroz\\\/luiz-e-ermelinda-queiroz\\\/#primaryimage\"},\"thumbnailUrl\":\"https:\\\/\\\/fealq.org.br\\\/portalluizdequeiroz\\\/wp-content\\\/uploads\\\/2022\\\/07\\\/IMG_5192.jpg\",\"datePublished\":\"2022-07-25T13:25:28+00:00\",\"dateModified\":\"2026-04-08T12:27:22+00:00\",\"breadcrumb\":{\"@id\":\"https:\\\/\\\/fealq.org.br\\\/portalluizdequeiroz\\\/luiz-e-ermelinda-queiroz\\\/#breadcrumb\"},\"inLanguage\":\"pt-BR\",\"potentialAction\":[{\"@type\":\"ReadAction\",\"target\":[\"https:\\\/\\\/fealq.org.br\\\/portalluizdequeiroz\\\/luiz-e-ermelinda-queiroz\\\/\"]}]},{\"@type\":\"ImageObject\",\"inLanguage\":\"pt-BR\",\"@id\":\"https:\\\/\\\/fealq.org.br\\\/portalluizdequeiroz\\\/luiz-e-ermelinda-queiroz\\\/#primaryimage\",\"url\":\"https:\\\/\\\/fealq.org.br\\\/portalluizdequeiroz\\\/wp-content\\\/uploads\\\/2022\\\/07\\\/IMG_5192.jpg\",\"contentUrl\":\"https:\\\/\\\/fealq.org.br\\\/portalluizdequeiroz\\\/wp-content\\\/uploads\\\/2022\\\/07\\\/IMG_5192.jpg\",\"width\":800,\"height\":500},{\"@type\":\"BreadcrumbList\",\"@id\":\"https:\\\/\\\/fealq.org.br\\\/portalluizdequeiroz\\\/luiz-e-ermelinda-queiroz\\\/#breadcrumb\",\"itemListElement\":[{\"@type\":\"ListItem\",\"position\":1,\"name\":\"In\u00edcio\",\"item\":\"https:\\\/\\\/fealq.org.br\\\/portalluizdequeiroz\\\/\"},{\"@type\":\"ListItem\",\"position\":2,\"name\":\"O reconhecimento de um casal extraordin\u00e1rio\"}]},{\"@type\":\"WebSite\",\"@id\":\"https:\\\/\\\/fealq.org.br\\\/portalluizdequeiroz\\\/#website\",\"url\":\"https:\\\/\\\/fealq.org.br\\\/portalluizdequeiroz\\\/\",\"name\":\"Portal Luiz de Queiroz\",\"description\":\"S\u00f3 mais um site WordPress\",\"potentialAction\":[{\"@type\":\"SearchAction\",\"target\":{\"@type\":\"EntryPoint\",\"urlTemplate\":\"https:\\\/\\\/fealq.org.br\\\/portalluizdequeiroz\\\/?s={search_term_string}\"},\"query-input\":{\"@type\":\"PropertyValueSpecification\",\"valueRequired\":true,\"valueName\":\"search_term_string\"}}],\"inLanguage\":\"pt-BR\"}]}<\/script>\n<!-- \/ Yoast SEO plugin. -->","yoast_head_json":{"title":"O reconhecimento de um casal extraordin\u00e1rio - Portal Luiz de Queiroz","robots":{"index":"index","follow":"follow","max-snippet":"max-snippet:-1","max-image-preview":"max-image-preview:large","max-video-preview":"max-video-preview:-1"},"canonical":"https:\/\/fealq.org.br\/portalluizdequeiroz\/luiz-e-ermelinda-queiroz\/","og_locale":"pt_BR","og_type":"article","og_title":"O reconhecimento de um casal extraordin\u00e1rio - Portal Luiz de Queiroz","og_description":"O Portal Luiz de Queiroz tamb\u00e9m pretende valorizar a mem\u00f3ria da figura extraordin\u00e1ria de Luiz de Queiroz (Lu\u00edz Vicente de Sousa Queiroz &#8211; 12 de junho de 1849 \u2013 11 de junho de 1898), assim como de sua esposa\u00a0 Ermelinda Ottoni de Souza Queiroz ( 21 de mar\u00e7o de 1856 \u2014 7 de abril de [&hellip;]","og_url":"https:\/\/fealq.org.br\/portalluizdequeiroz\/luiz-e-ermelinda-queiroz\/","og_site_name":"Portal Luiz de Queiroz","article_modified_time":"2026-04-08T12:27:22+00:00","og_image":[{"width":800,"height":500,"url":"https:\/\/fealq.org.br\/portalluizdequeiroz\/wp-content\/uploads\/2022\/07\/IMG_5192.jpg","type":"image\/jpeg"}],"twitter_card":"summary_large_image","twitter_misc":{"Est. tempo de leitura":"2 minutos"},"schema":{"@context":"https:\/\/schema.org","@graph":[{"@type":"WebPage","@id":"https:\/\/fealq.org.br\/portalluizdequeiroz\/luiz-e-ermelinda-queiroz\/","url":"https:\/\/fealq.org.br\/portalluizdequeiroz\/luiz-e-ermelinda-queiroz\/","name":"O reconhecimento de um casal extraordin\u00e1rio - Portal Luiz de Queiroz","isPartOf":{"@id":"https:\/\/fealq.org.br\/portalluizdequeiroz\/#website"},"primaryImageOfPage":{"@id":"https:\/\/fealq.org.br\/portalluizdequeiroz\/luiz-e-ermelinda-queiroz\/#primaryimage"},"image":{"@id":"https:\/\/fealq.org.br\/portalluizdequeiroz\/luiz-e-ermelinda-queiroz\/#primaryimage"},"thumbnailUrl":"https:\/\/fealq.org.br\/portalluizdequeiroz\/wp-content\/uploads\/2022\/07\/IMG_5192.jpg","datePublished":"2022-07-25T13:25:28+00:00","dateModified":"2026-04-08T12:27:22+00:00","breadcrumb":{"@id":"https:\/\/fealq.org.br\/portalluizdequeiroz\/luiz-e-ermelinda-queiroz\/#breadcrumb"},"inLanguage":"pt-BR","potentialAction":[{"@type":"ReadAction","target":["https:\/\/fealq.org.br\/portalluizdequeiroz\/luiz-e-ermelinda-queiroz\/"]}]},{"@type":"ImageObject","inLanguage":"pt-BR","@id":"https:\/\/fealq.org.br\/portalluizdequeiroz\/luiz-e-ermelinda-queiroz\/#primaryimage","url":"https:\/\/fealq.org.br\/portalluizdequeiroz\/wp-content\/uploads\/2022\/07\/IMG_5192.jpg","contentUrl":"https:\/\/fealq.org.br\/portalluizdequeiroz\/wp-content\/uploads\/2022\/07\/IMG_5192.jpg","width":800,"height":500},{"@type":"BreadcrumbList","@id":"https:\/\/fealq.org.br\/portalluizdequeiroz\/luiz-e-ermelinda-queiroz\/#breadcrumb","itemListElement":[{"@type":"ListItem","position":1,"name":"In\u00edcio","item":"https:\/\/fealq.org.br\/portalluizdequeiroz\/"},{"@type":"ListItem","position":2,"name":"O reconhecimento de um casal extraordin\u00e1rio"}]},{"@type":"WebSite","@id":"https:\/\/fealq.org.br\/portalluizdequeiroz\/#website","url":"https:\/\/fealq.org.br\/portalluizdequeiroz\/","name":"Portal Luiz de Queiroz","description":"S\u00f3 mais um site WordPress","potentialAction":[{"@type":"SearchAction","target":{"@type":"EntryPoint","urlTemplate":"https:\/\/fealq.org.br\/portalluizdequeiroz\/?s={search_term_string}"},"query-input":{"@type":"PropertyValueSpecification","valueRequired":true,"valueName":"search_term_string"}}],"inLanguage":"pt-BR"}]}},"_links":{"self":[{"href":"https:\/\/fealq.org.br\/portalluizdequeiroz\/wp-json\/wp\/v2\/pages\/36","targetHints":{"allow":["GET"]}}],"collection":[{"href":"https:\/\/fealq.org.br\/portalluizdequeiroz\/wp-json\/wp\/v2\/pages"}],"about":[{"href":"https:\/\/fealq.org.br\/portalluizdequeiroz\/wp-json\/wp\/v2\/types\/page"}],"author":[{"embeddable":true,"href":"https:\/\/fealq.org.br\/portalluizdequeiroz\/wp-json\/wp\/v2\/users\/1"}],"replies":[{"embeddable":true,"href":"https:\/\/fealq.org.br\/portalluizdequeiroz\/wp-json\/wp\/v2\/comments?post=36"}],"version-history":[{"count":6,"href":"https:\/\/fealq.org.br\/portalluizdequeiroz\/wp-json\/wp\/v2\/pages\/36\/revisions"}],"predecessor-version":[{"id":195,"href":"https:\/\/fealq.org.br\/portalluizdequeiroz\/wp-json\/wp\/v2\/pages\/36\/revisions\/195"}],"wp:featuredmedia":[{"embeddable":true,"href":"https:\/\/fealq.org.br\/portalluizdequeiroz\/wp-json\/wp\/v2\/media\/37"}],"wp:attachment":[{"href":"https:\/\/fealq.org.br\/portalluizdequeiroz\/wp-json\/wp\/v2\/media?parent=36"}],"curies":[{"name":"wp","href":"https:\/\/api.w.org\/{rel}","templated":true}]}}