{"id":58,"date":"2022-07-25T16:51:59","date_gmt":"2022-07-25T19:51:59","guid":{"rendered":"https:\/\/fealq.org.br\/portalluizdequeiroz\/?page_id=58"},"modified":"2023-04-04T08:27:49","modified_gmt":"2023-04-04T11:27:49","slug":"a-esalq","status":"publish","type":"page","link":"https:\/\/fealq.org.br\/portalluizdequeiroz\/a-esalq\/","title":{"rendered":"A Esalq"},"content":{"rendered":"<h2 id=\"title1\">Gigante em tamanho e relev\u00e2ncia<\/h2>\n<p><img loading=\"lazy\" decoding=\"async\" class=\"alignnone wp-image-176 size-full\" src=\"https:\/\/fealq.org.br\/portalluizdequeiroz\/wp-content\/uploads\/2022\/11\/07.jpg\" alt=\"\" width=\"900\" height=\"600\" srcset=\"https:\/\/fealq.org.br\/portalluizdequeiroz\/wp-content\/uploads\/2022\/11\/07.jpg 900w, https:\/\/fealq.org.br\/portalluizdequeiroz\/wp-content\/uploads\/2022\/11\/07-300x200.jpg 300w, https:\/\/fealq.org.br\/portalluizdequeiroz\/wp-content\/uploads\/2022\/11\/07-768x512.jpg 768w\" sizes=\"auto, (max-width: 900px) 100vw, 900px\" \/><\/p>\n<p><img loading=\"lazy\" decoding=\"async\" class=\"alignnone wp-image-177 size-full\" src=\"https:\/\/fealq.org.br\/portalluizdequeiroz\/wp-content\/uploads\/2022\/11\/03-Esalq-USP-horiz-Imp-VERDE-1-300x72-1.png\" alt=\"\" width=\"300\" height=\"72\" \/><\/p>\n<p><span style=\"font-weight: 400;\">O nome Esalq \u00e9 sin\u00f4nimo de excel\u00eancia no ensino, pesquisa e extens\u00e3o em ci\u00eancias agr\u00e1rias, ambientais, biol\u00f3gicas e sociais aplicadas.\u00a0 Com um ambiente voltado 100% para a produ\u00e7\u00e3o do conhecimento, professores, alunos e funcion\u00e1rios desempenham atividades em uma \u00e1rea de mais de 3.800 hectares, compreendida pelo Campus Luiz de Queiroz e pelas esta\u00e7\u00f5es experimentais de Anhembi, Anhumas, Itatinga e Fazenda Are\u00e3o, que juntas correspondem a quase 50% da \u00e1rea total da USP.<\/span><\/p>\n<p><span style=\"font-weight: 400;\">Desde 1901 a Esalq formou mais de 16 mil profissionais na gradua\u00e7\u00e3o e titulou mais de 10 mil mestres e doutores que provocam uma revolu\u00e7\u00e3o na maneira de conduzir decis\u00f5es em diversas \u00e1reas do conhecimento e alicer\u00e7am um ambiente produtivo qualificado. Por isso, n\u00e3o \u00e9 exagero dizer que o n\u00famero expressivo de profissionais formados pela Escola constitui um dos principais fatores do vigoroso desenvolvimento do agroneg\u00f3cio em geral e da defesa das inst\u00e2ncias sociais e ambientais.<\/span><\/p>\n<p><img loading=\"lazy\" decoding=\"async\" class=\"alignnone wp-image-178 size-full\" src=\"https:\/\/fealq.org.br\/portalluizdequeiroz\/wp-content\/uploads\/2022\/11\/05-Planta-Geral.jpg\" alt=\"\" width=\"1973\" height=\"976\" srcset=\"https:\/\/fealq.org.br\/portalluizdequeiroz\/wp-content\/uploads\/2022\/11\/05-Planta-Geral.jpg 1973w, https:\/\/fealq.org.br\/portalluizdequeiroz\/wp-content\/uploads\/2022\/11\/05-Planta-Geral-300x148.jpg 300w, https:\/\/fealq.org.br\/portalluizdequeiroz\/wp-content\/uploads\/2022\/11\/05-Planta-Geral-1024x507.jpg 1024w, https:\/\/fealq.org.br\/portalluizdequeiroz\/wp-content\/uploads\/2022\/11\/05-Planta-Geral-768x380.jpg 768w, https:\/\/fealq.org.br\/portalluizdequeiroz\/wp-content\/uploads\/2022\/11\/05-Planta-Geral-1536x760.jpg 1536w\" sizes=\"auto, (max-width: 1973px) 100vw, 1973px\" \/><\/p>\n<p><span style=\"font-weight: 400;\">Possuindo 130 laborat\u00f3rios instalados em 12 departamentos, numa estrutura que emprega cerca de 660 profissionais entre docentes e servidores t\u00e9cnico-administrativos, a Esalq oferece cursos de gradua\u00e7\u00e3o em Engenharia Agron\u00f4mica, Engenharia Florestal, Administra\u00e7\u00e3o, Ci\u00eancias Biol\u00f3gicas, Ci\u00eancias dos Alimentos, Ci\u00eancias Econ\u00f4micas, e Gest\u00e3o Ambiental, disponibilizando 430 vagas anuais, tendo sido a primeira unidade da USP, em 1964, a implantar programas de P\u00f3s-gradua\u00e7\u00e3o (PPGs).<\/span><\/p>\n<p><span style=\"font-weight: 400;\">A contribui\u00e7\u00e3o da Escola na forma\u00e7\u00e3o de recursos humanos p\u00f3s-graduados \u00e9 indiscut\u00edvel e responde pela gera\u00e7\u00e3o de conhecimentos que tem produzido diversos impactos positivos.<\/span><\/p>\n<p><span style=\"font-weight: 400;\">Outro eixo de igual import\u00e2ncia, a extens\u00e3o, est\u00e1 presente em atividades culturais, publica\u00e7\u00f5es t\u00e9cnicas e cient\u00edficas e cursos de difus\u00e3o. Assim, a institui\u00e7\u00e3o expande suas compet\u00eancias al\u00e9m das salas de aula, pois iniciativas de extens\u00e3o completam a forma\u00e7\u00e3o de cidad\u00e3os comprometidos com a sociedade.<\/span><\/p>\n<h2 id=\"title2\">Uma institui\u00e7\u00e3o Internacional<\/h2>\n<p><span style=\"font-weight: 400;\">A Esalq\/USP se destaca pelas atividades de internacionaliza\u00e7\u00e3o e ineditismo de suas iniciativas de coopera\u00e7\u00e3o internacional em ensino, pesquisa e treinamento t\u00e9cnico com universidades e institutos ao redor do mundo. Atualmente, a Esalq\/USP possui conv\u00eanios de coopera\u00e7\u00e3o internacional com 85 universidades estrangeiras com atividades acad\u00eamicas e de pesquisa que incentiva e fomenta as atividades de mobilidade de estudantes e docentes para cursar disciplinas ou realizar atividades de pesquisa.\u00a0<\/span><\/p>\n<p><span style=\"font-weight: 400;\">Destacam-se alguns Programas de coopera\u00e7\u00e3o acad\u00eamica e cient\u00edfica com renomadas universidades internacionais, como o Programa CAPES\/BRAFAGRI, um dos mais antigos e prof\u00edcuos da Esalq\/USP que estabelece a oportunidade de Dupla Diploma\u00e7\u00e3o, na \u00e1rea de Agricultura, com as Escolas Superiores Francesas como AgroParisTech, ISARA-Lyon, ESA-Angers, EI Purpan-Toulouse, ISA-Lille, LaSalle Beauvais-Rennes, Rouen e Montpellier SupAgro; na \u00e1rea de Alimentos, h\u00e1 o conv\u00eanio de Dupla Diploma\u00e7\u00e3o com a Oniris-Nantes; e na \u00e1rea de Engenharia Florestal h\u00e1 conv\u00eanio de Dupla Diploma\u00e7\u00e3o com a AgroParisTech. <\/span><\/p>\n<p><span style=\"font-weight: 400;\">Al\u00e9m destes Programas e conv\u00eanios, a Esalq\/USP participa de alian\u00e7a das cinco principais Universidades Agr\u00edcolas, envolvendo a University of Wageningen, UC-Davis, Cornell University e China Agricultural University com o estabelecimento de projetos de pesquisa e parceria acad\u00eamica, mantendo fortes parcerias com v\u00e1rias outras institui\u00e7\u00f5es estrangeiras. Dentre as atividades mais recentes, est\u00e1 o curso de \u201cSpecial Program on Tropical Bio-based Production Systems\u201d, com a participa\u00e7\u00e3o de estudantes de universidades internacionais e da Esalq\/USP, permitindo a troca de conhecimentos sobre a agricultura entre diferentes pa\u00edses.<\/span><\/p>\n<h2 id=\"title3\">Fealq<\/h2>\n<p><img loading=\"lazy\" decoding=\"async\" class=\"alignleft wp-image-222 size-medium\" src=\"https:\/\/fealq.org.br\/portalluizdequeiroz\/wp-content\/uploads\/2023\/04\/fealq-colorido-300x162.png\" alt=\"\" width=\"300\" height=\"162\" srcset=\"https:\/\/fealq.org.br\/portalluizdequeiroz\/wp-content\/uploads\/2023\/04\/fealq-colorido-300x162.png 300w, https:\/\/fealq.org.br\/portalluizdequeiroz\/wp-content\/uploads\/2023\/04\/fealq-colorido-1024x554.png 1024w, https:\/\/fealq.org.br\/portalluizdequeiroz\/wp-content\/uploads\/2023\/04\/fealq-colorido-768x416.png 768w, https:\/\/fealq.org.br\/portalluizdequeiroz\/wp-content\/uploads\/2023\/04\/fealq-colorido-1536x831.png 1536w, https:\/\/fealq.org.br\/portalluizdequeiroz\/wp-content\/uploads\/2023\/04\/fealq-colorido-2048x1109.png 2048w\" sizes=\"auto, (max-width: 300px) 100vw, 300px\" \/><\/p>\n<p><span style=\"font-weight: 400;\">Desde 1976, a Funda\u00e7\u00e3o de Estudos Agr\u00e1rios Luiz de Queiroz (Fealq) viabiliza a docentes e grupos de pesquisa da Universidade de S\u00e3o Paulo, atuantes principalmente no agroneg\u00f3cio, a celebra\u00e7\u00e3o de contratos com quaisquer outros segmentos da sociedade brasileira ou estrangeira. Do ponto de vista de empresas, \u00f3rg\u00e3os de governo e demais institui\u00e7\u00f5es, a Fealq mant\u00e9m conv\u00eanio com a USP, o que permite estabelecer o relacionamento formal com docentes e pesquisadores.<\/span><\/p>\n<p><span style=\"font-weight: 400;\">Atualmente, a Fealq gerencia projetos da Esalq\/USP (Escola Superior de Agricultura Luiz de Queiroz), do Cena\/USP (Centro de Energia Nuclear na Agricultura) e da FZEA\/USP (Faculdade de Zootecnia e Engenharia de Alimentos), de Pirassununga.<\/span><\/p>\n<p><span style=\"font-weight: 400;\">A Fealq \u00e9 entidade de direito privado, sem fins lucrativos, signat\u00e1ria do Acordo de Coopera\u00e7\u00e3o com a Universidade de S\u00e3o Paulo, que regulamenta a gest\u00e3o administrativa e financeira dos projetos desenvolvidos entre membros da USP e institui\u00e7\u00f5es p\u00fablicas e privadas, nacionais ou estrangeiras. Sua estrutura lhe permite atuar tamb\u00e9m como gestora de projetos exclusivos da iniciativa privada.<\/span><\/p>\n","protected":false},"excerpt":{"rendered":"<p>Gigante em tamanho e relev\u00e2ncia O nome Esalq \u00e9 sin\u00f4nimo de excel\u00eancia no ensino, pesquisa e extens\u00e3o em ci\u00eancias agr\u00e1rias, ambientais, biol\u00f3gicas e sociais aplicadas.\u00a0 Com um ambiente voltado 100% para a produ\u00e7\u00e3o do conhecimento, professores, alunos e funcion\u00e1rios desempenham atividades em uma \u00e1rea de mais de 3.800 hectares, compreendida pelo Campus Luiz de Queiroz [&hellip;]<\/p>\n","protected":false},"author":1,"featured_media":175,"parent":0,"menu_order":0,"comment_status":"closed","ping_status":"closed","template":"","meta":{"_acf_changed":false,"footnotes":""},"class_list":["post-58","page","type-page","status-publish","has-post-thumbnail","hentry"],"acf":[],"yoast_head":"<!-- This site is optimized with the Yoast SEO plugin v27.3 - https:\/\/yoast.com\/product\/yoast-seo-wordpress\/ -->\n<title>A Esalq - Portal Luiz de Queiroz<\/title>\n<meta name=\"robots\" content=\"index, follow, max-snippet:-1, max-image-preview:large, max-video-preview:-1\" \/>\n<link rel=\"canonical\" href=\"https:\/\/fealq.org.br\/portalluizdequeiroz\/a-esalq\/\" \/>\n<meta property=\"og:locale\" content=\"pt_BR\" \/>\n<meta property=\"og:type\" content=\"article\" \/>\n<meta property=\"og:title\" content=\"A Esalq - Portal Luiz de Queiroz\" \/>\n<meta property=\"og:description\" content=\"Gigante em tamanho e relev\u00e2ncia O nome Esalq \u00e9 sin\u00f4nimo de excel\u00eancia no ensino, pesquisa e extens\u00e3o em ci\u00eancias agr\u00e1rias, ambientais, biol\u00f3gicas e sociais aplicadas.\u00a0 Com um ambiente voltado 100% para a produ\u00e7\u00e3o do conhecimento, professores, alunos e funcion\u00e1rios desempenham atividades em uma \u00e1rea de mais de 3.800 hectares, compreendida pelo Campus Luiz de Queiroz [&hellip;]\" \/>\n<meta property=\"og:url\" content=\"https:\/\/fealq.org.br\/portalluizdequeiroz\/a-esalq\/\" \/>\n<meta property=\"og:site_name\" content=\"Portal Luiz de Queiroz\" \/>\n<meta property=\"article:modified_time\" content=\"2023-04-04T11:27:49+00:00\" \/>\n<meta property=\"og:image\" content=\"https:\/\/fealq.org.br\/portalluizdequeiroz\/wp-content\/uploads\/2022\/11\/aquarela-banner-3-1-1.png\" \/>\n\t<meta property=\"og:image:width\" content=\"1920\" \/>\n\t<meta property=\"og:image:height\" content=\"383\" \/>\n\t<meta property=\"og:image:type\" content=\"image\/png\" \/>\n<meta name=\"twitter:card\" content=\"summary_large_image\" \/>\n<meta name=\"twitter:label1\" content=\"Est. tempo de leitura\" \/>\n\t<meta name=\"twitter:data1\" content=\"5 minutos\" \/>\n<script type=\"application\/ld+json\" class=\"yoast-schema-graph\">{\"@context\":\"https:\\\/\\\/schema.org\",\"@graph\":[{\"@type\":\"WebPage\",\"@id\":\"https:\\\/\\\/fealq.org.br\\\/portalluizdequeiroz\\\/a-esalq\\\/\",\"url\":\"https:\\\/\\\/fealq.org.br\\\/portalluizdequeiroz\\\/a-esalq\\\/\",\"name\":\"A Esalq - Portal Luiz de Queiroz\",\"isPartOf\":{\"@id\":\"https:\\\/\\\/fealq.org.br\\\/portalluizdequeiroz\\\/#website\"},\"primaryImageOfPage\":{\"@id\":\"https:\\\/\\\/fealq.org.br\\\/portalluizdequeiroz\\\/a-esalq\\\/#primaryimage\"},\"image\":{\"@id\":\"https:\\\/\\\/fealq.org.br\\\/portalluizdequeiroz\\\/a-esalq\\\/#primaryimage\"},\"thumbnailUrl\":\"https:\\\/\\\/fealq.org.br\\\/portalluizdequeiroz\\\/wp-content\\\/uploads\\\/2022\\\/11\\\/aquarela-banner-3-1-1.png\",\"datePublished\":\"2022-07-25T19:51:59+00:00\",\"dateModified\":\"2023-04-04T11:27:49+00:00\",\"breadcrumb\":{\"@id\":\"https:\\\/\\\/fealq.org.br\\\/portalluizdequeiroz\\\/a-esalq\\\/#breadcrumb\"},\"inLanguage\":\"pt-BR\",\"potentialAction\":[{\"@type\":\"ReadAction\",\"target\":[\"https:\\\/\\\/fealq.org.br\\\/portalluizdequeiroz\\\/a-esalq\\\/\"]}]},{\"@type\":\"ImageObject\",\"inLanguage\":\"pt-BR\",\"@id\":\"https:\\\/\\\/fealq.org.br\\\/portalluizdequeiroz\\\/a-esalq\\\/#primaryimage\",\"url\":\"https:\\\/\\\/fealq.org.br\\\/portalluizdequeiroz\\\/wp-content\\\/uploads\\\/2022\\\/11\\\/aquarela-banner-3-1-1.png\",\"contentUrl\":\"https:\\\/\\\/fealq.org.br\\\/portalluizdequeiroz\\\/wp-content\\\/uploads\\\/2022\\\/11\\\/aquarela-banner-3-1-1.png\",\"width\":1920,\"height\":383},{\"@type\":\"BreadcrumbList\",\"@id\":\"https:\\\/\\\/fealq.org.br\\\/portalluizdequeiroz\\\/a-esalq\\\/#breadcrumb\",\"itemListElement\":[{\"@type\":\"ListItem\",\"position\":1,\"name\":\"In\u00edcio\",\"item\":\"https:\\\/\\\/fealq.org.br\\\/portalluizdequeiroz\\\/\"},{\"@type\":\"ListItem\",\"position\":2,\"name\":\"A Esalq\"}]},{\"@type\":\"WebSite\",\"@id\":\"https:\\\/\\\/fealq.org.br\\\/portalluizdequeiroz\\\/#website\",\"url\":\"https:\\\/\\\/fealq.org.br\\\/portalluizdequeiroz\\\/\",\"name\":\"Portal Luiz de Queiroz\",\"description\":\"S\u00f3 mais um site WordPress\",\"potentialAction\":[{\"@type\":\"SearchAction\",\"target\":{\"@type\":\"EntryPoint\",\"urlTemplate\":\"https:\\\/\\\/fealq.org.br\\\/portalluizdequeiroz\\\/?s={search_term_string}\"},\"query-input\":{\"@type\":\"PropertyValueSpecification\",\"valueRequired\":true,\"valueName\":\"search_term_string\"}}],\"inLanguage\":\"pt-BR\"}]}<\/script>\n<!-- \/ Yoast SEO plugin. -->","yoast_head_json":{"title":"A Esalq - Portal Luiz de Queiroz","robots":{"index":"index","follow":"follow","max-snippet":"max-snippet:-1","max-image-preview":"max-image-preview:large","max-video-preview":"max-video-preview:-1"},"canonical":"https:\/\/fealq.org.br\/portalluizdequeiroz\/a-esalq\/","og_locale":"pt_BR","og_type":"article","og_title":"A Esalq - Portal Luiz de Queiroz","og_description":"Gigante em tamanho e relev\u00e2ncia O nome Esalq \u00e9 sin\u00f4nimo de excel\u00eancia no ensino, pesquisa e extens\u00e3o em ci\u00eancias agr\u00e1rias, ambientais, biol\u00f3gicas e sociais aplicadas.\u00a0 Com um ambiente voltado 100% para a produ\u00e7\u00e3o do conhecimento, professores, alunos e funcion\u00e1rios desempenham atividades em uma \u00e1rea de mais de 3.800 hectares, compreendida pelo Campus Luiz de Queiroz [&hellip;]","og_url":"https:\/\/fealq.org.br\/portalluizdequeiroz\/a-esalq\/","og_site_name":"Portal Luiz de Queiroz","article_modified_time":"2023-04-04T11:27:49+00:00","og_image":[{"width":1920,"height":383,"url":"https:\/\/fealq.org.br\/portalluizdequeiroz\/wp-content\/uploads\/2022\/11\/aquarela-banner-3-1-1.png","type":"image\/png"}],"twitter_card":"summary_large_image","twitter_misc":{"Est. tempo de leitura":"5 minutos"},"schema":{"@context":"https:\/\/schema.org","@graph":[{"@type":"WebPage","@id":"https:\/\/fealq.org.br\/portalluizdequeiroz\/a-esalq\/","url":"https:\/\/fealq.org.br\/portalluizdequeiroz\/a-esalq\/","name":"A Esalq - Portal Luiz de Queiroz","isPartOf":{"@id":"https:\/\/fealq.org.br\/portalluizdequeiroz\/#website"},"primaryImageOfPage":{"@id":"https:\/\/fealq.org.br\/portalluizdequeiroz\/a-esalq\/#primaryimage"},"image":{"@id":"https:\/\/fealq.org.br\/portalluizdequeiroz\/a-esalq\/#primaryimage"},"thumbnailUrl":"https:\/\/fealq.org.br\/portalluizdequeiroz\/wp-content\/uploads\/2022\/11\/aquarela-banner-3-1-1.png","datePublished":"2022-07-25T19:51:59+00:00","dateModified":"2023-04-04T11:27:49+00:00","breadcrumb":{"@id":"https:\/\/fealq.org.br\/portalluizdequeiroz\/a-esalq\/#breadcrumb"},"inLanguage":"pt-BR","potentialAction":[{"@type":"ReadAction","target":["https:\/\/fealq.org.br\/portalluizdequeiroz\/a-esalq\/"]}]},{"@type":"ImageObject","inLanguage":"pt-BR","@id":"https:\/\/fealq.org.br\/portalluizdequeiroz\/a-esalq\/#primaryimage","url":"https:\/\/fealq.org.br\/portalluizdequeiroz\/wp-content\/uploads\/2022\/11\/aquarela-banner-3-1-1.png","contentUrl":"https:\/\/fealq.org.br\/portalluizdequeiroz\/wp-content\/uploads\/2022\/11\/aquarela-banner-3-1-1.png","width":1920,"height":383},{"@type":"BreadcrumbList","@id":"https:\/\/fealq.org.br\/portalluizdequeiroz\/a-esalq\/#breadcrumb","itemListElement":[{"@type":"ListItem","position":1,"name":"In\u00edcio","item":"https:\/\/fealq.org.br\/portalluizdequeiroz\/"},{"@type":"ListItem","position":2,"name":"A Esalq"}]},{"@type":"WebSite","@id":"https:\/\/fealq.org.br\/portalluizdequeiroz\/#website","url":"https:\/\/fealq.org.br\/portalluizdequeiroz\/","name":"Portal Luiz de Queiroz","description":"S\u00f3 mais um site WordPress","potentialAction":[{"@type":"SearchAction","target":{"@type":"EntryPoint","urlTemplate":"https:\/\/fealq.org.br\/portalluizdequeiroz\/?s={search_term_string}"},"query-input":{"@type":"PropertyValueSpecification","valueRequired":true,"valueName":"search_term_string"}}],"inLanguage":"pt-BR"}]}},"_links":{"self":[{"href":"https:\/\/fealq.org.br\/portalluizdequeiroz\/wp-json\/wp\/v2\/pages\/58","targetHints":{"allow":["GET"]}}],"collection":[{"href":"https:\/\/fealq.org.br\/portalluizdequeiroz\/wp-json\/wp\/v2\/pages"}],"about":[{"href":"https:\/\/fealq.org.br\/portalluizdequeiroz\/wp-json\/wp\/v2\/types\/page"}],"author":[{"embeddable":true,"href":"https:\/\/fealq.org.br\/portalluizdequeiroz\/wp-json\/wp\/v2\/users\/1"}],"replies":[{"embeddable":true,"href":"https:\/\/fealq.org.br\/portalluizdequeiroz\/wp-json\/wp\/v2\/comments?post=58"}],"version-history":[{"count":20,"href":"https:\/\/fealq.org.br\/portalluizdequeiroz\/wp-json\/wp\/v2\/pages\/58\/revisions"}],"predecessor-version":[{"id":224,"href":"https:\/\/fealq.org.br\/portalluizdequeiroz\/wp-json\/wp\/v2\/pages\/58\/revisions\/224"}],"wp:featuredmedia":[{"embeddable":true,"href":"https:\/\/fealq.org.br\/portalluizdequeiroz\/wp-json\/wp\/v2\/media\/175"}],"wp:attachment":[{"href":"https:\/\/fealq.org.br\/portalluizdequeiroz\/wp-json\/wp\/v2\/media?parent=58"}],"curies":[{"name":"wp","href":"https:\/\/api.w.org\/{rel}","templated":true}]}}